{"id":5347,"date":"2021-04-04T10:12:55","date_gmt":"2021-04-04T10:12:55","guid":{"rendered":"https:\/\/dermamodenew.wpenginepowered.com\/product\/pure-c-vitamin-c\/"},"modified":"2024-12-13T13:05:18","modified_gmt":"2024-12-13T13:05:18","slug":"pure-c-vitamin-c","status":"publish","type":"product","link":"https:\/\/dermamode.com\/en\/product\/pure-c-vitamin-c\/","title":{"rendered":"&#8220;Pure C&#8221; Vitamin C"},"content":{"rendered":"","protected":false},"excerpt":{"rendered":"<p>Vitamine C topique 100% pure (acide l-ascorbique) \u2013 un antioxydant hautement stable et absorbable \u00e0 la texture poudreuse qui se dissout instantan\u00e9ment dans les produits compatibles.<br \/>\nEfficace pour augmenter la production de collag\u00e8ne. En plus de r\u00e9parer la peau, peut contribuer \u00e0 prot\u00e9ger les futurs dommages tout en am\u00e9liorant l\u2019apparence des ridules et en affinant la texture de la peau et le teint.<\/p>\n","protected":false},"featured_media":8847,"comment_status":"open","ping_status":"closed","template":"","meta":[],"product_brand":[],"product_cat":[85,106],"product_tag":[224,101],"class_list":{"0":"post-5347","1":"product","2":"type-product","3":"status-publish","4":"has-post-thumbnail","6":"product_cat-skin-care-products","7":"product_cat-vitamin-c","8":"product_tag-normal-aging","9":"product_tag-oily-skin","11":"first","12":"instock","13":"taxable","14":"shipping-taxable","15":"purchasable","16":"product-type-simple"},"yoast_head":"<!-- This site is optimized with the Yoast SEO plugin v27.3 - https:\/\/yoast.com\/product\/yoast-seo-wordpress\/ -->\n<title>&quot;Pure C&quot; Vitamin C - Dermamode<\/title>\n<meta name=\"robots\" content=\"index, follow, max-snippet:-1, max-image-preview:large, max-video-preview:-1\" \/>\n<link rel=\"canonical\" href=\"https:\/\/dermamode.com\/en\/product\/pure-c-vitamin-c\/\" \/>\n<meta property=\"og:locale\" content=\"en_US\" \/>\n<meta property=\"og:type\" content=\"article\" \/>\n<meta property=\"og:title\" content=\"&quot;Pure C&quot; Vitamin C - Dermamode\" \/>\n<meta property=\"og:description\" content=\"Vitamine C topique 100% pure (acide l-ascorbique) \u2013 un antioxydant hautement stable et absorbable \u00e0 la texture poudreuse qui se dissout instantan\u00e9ment dans les produits compatibles. Efficace pour augmenter la production de collag\u00e8ne. En plus de r\u00e9parer la peau, peut contribuer \u00e0 prot\u00e9ger les futurs dommages tout en am\u00e9liorant l\u2019apparence des ridules et en affinant la texture de la peau et le teint.\" \/>\n<meta property=\"og:url\" content=\"https:\/\/dermamode.com\/en\/product\/pure-c-vitamin-c\/\" \/>\n<meta property=\"og:site_name\" content=\"Dermamode\" \/>\n<meta property=\"article:modified_time\" content=\"2024-12-13T13:05:18+00:00\" \/>\n<meta property=\"og:image\" content=\"https:\/\/dermamode.com\/wp-content\/uploads\/2021\/04\/EcommercePureCbiophora.jpg\" \/>\n\t<meta property=\"og:image:width\" content=\"510\" \/>\n\t<meta property=\"og:image:height\" content=\"600\" \/>\n\t<meta property=\"og:image:type\" content=\"image\/jpeg\" \/>\n<meta name=\"twitter:card\" content=\"summary_large_image\" \/>\n<script type=\"application\/ld+json\" class=\"yoast-schema-graph\">{\"@context\":\"https:\\\/\\\/schema.org\",\"@graph\":[{\"@type\":\"WebPage\",\"@id\":\"https:\\\/\\\/dermamode.com\\\/en\\\/product\\\/pure-c-vitamin-c\\\/\",\"url\":\"https:\\\/\\\/dermamode.com\\\/en\\\/product\\\/pure-c-vitamin-c\\\/\",\"name\":\"\\\"Pure C\\\" Vitamin C - Dermamode\",\"isPartOf\":{\"@id\":\"https:\\\/\\\/dermamode.com\\\/en\\\/#website\"},\"primaryImageOfPage\":{\"@id\":\"https:\\\/\\\/dermamode.com\\\/en\\\/product\\\/pure-c-vitamin-c\\\/#primaryimage\"},\"image\":{\"@id\":\"https:\\\/\\\/dermamode.com\\\/en\\\/product\\\/pure-c-vitamin-c\\\/#primaryimage\"},\"thumbnailUrl\":\"https:\\\/\\\/dermamode.com\\\/wp-content\\\/uploads\\\/2021\\\/04\\\/EcommercePureCbiophora.jpg\",\"datePublished\":\"2021-04-04T10:12:55+00:00\",\"dateModified\":\"2024-12-13T13:05:18+00:00\",\"breadcrumb\":{\"@id\":\"https:\\\/\\\/dermamode.com\\\/en\\\/product\\\/pure-c-vitamin-c\\\/#breadcrumb\"},\"inLanguage\":\"en-US\",\"potentialAction\":[{\"@type\":\"ReadAction\",\"target\":[\"https:\\\/\\\/dermamode.com\\\/en\\\/product\\\/pure-c-vitamin-c\\\/\"]}]},{\"@type\":\"ImageObject\",\"inLanguage\":\"en-US\",\"@id\":\"https:\\\/\\\/dermamode.com\\\/en\\\/product\\\/pure-c-vitamin-c\\\/#primaryimage\",\"url\":\"https:\\\/\\\/dermamode.com\\\/wp-content\\\/uploads\\\/2021\\\/04\\\/EcommercePureCbiophora.jpg\",\"contentUrl\":\"https:\\\/\\\/dermamode.com\\\/wp-content\\\/uploads\\\/2021\\\/04\\\/EcommercePureCbiophora.jpg\",\"width\":510,\"height\":600},{\"@type\":\"BreadcrumbList\",\"@id\":\"https:\\\/\\\/dermamode.com\\\/en\\\/product\\\/pure-c-vitamin-c\\\/#breadcrumb\",\"itemListElement\":[{\"@type\":\"ListItem\",\"position\":1,\"name\":\"Home\",\"item\":\"https:\\\/\\\/dermamode.com\\\/\"},{\"@type\":\"ListItem\",\"position\":2,\"name\":\"Produits\",\"item\":\"https:\\\/\\\/dermamode.com\\\/boutique\\\/\"},{\"@type\":\"ListItem\",\"position\":3,\"name\":\"&#8220;Pure C&#8221; Vitamin C\"}]},{\"@type\":\"WebSite\",\"@id\":\"https:\\\/\\\/dermamode.com\\\/en\\\/#website\",\"url\":\"https:\\\/\\\/dermamode.com\\\/en\\\/\",\"name\":\"Dermamode\",\"description\":\"\",\"publisher\":{\"@id\":\"https:\\\/\\\/dermamode.com\\\/en\\\/#organization\"},\"potentialAction\":[{\"@type\":\"SearchAction\",\"target\":{\"@type\":\"EntryPoint\",\"urlTemplate\":\"https:\\\/\\\/dermamode.com\\\/en\\\/?s={search_term_string}\"},\"query-input\":{\"@type\":\"PropertyValueSpecification\",\"valueRequired\":true,\"valueName\":\"search_term_string\"}}],\"inLanguage\":\"en-US\"},{\"@type\":\"Organization\",\"@id\":\"https:\\\/\\\/dermamode.com\\\/en\\\/#organization\",\"name\":\"Dermamode\",\"url\":\"https:\\\/\\\/dermamode.com\\\/en\\\/\",\"logo\":{\"@type\":\"ImageObject\",\"inLanguage\":\"en-US\",\"@id\":\"https:\\\/\\\/dermamode.com\\\/en\\\/#\\\/schema\\\/logo\\\/image\\\/\",\"url\":\"https:\\\/\\\/dermamode.com\\\/wp-content\\\/uploads\\\/2026\\\/03\\\/LOGO_gray_FREN_rgb_296x63_72dpi_OUTLINED-v4-copy-01-copy.webp\",\"contentUrl\":\"https:\\\/\\\/dermamode.com\\\/wp-content\\\/uploads\\\/2026\\\/03\\\/LOGO_gray_FREN_rgb_296x63_72dpi_OUTLINED-v4-copy-01-copy.webp\",\"width\":1233,\"height\":223,\"caption\":\"Dermamode\"},\"image\":{\"@id\":\"https:\\\/\\\/dermamode.com\\\/en\\\/#\\\/schema\\\/logo\\\/image\\\/\"}}]}<\/script>\n<!-- \/ Yoast SEO plugin. -->","yoast_head_json":{"title":"\"Pure C\" Vitamin C - Dermamode","robots":{"index":"index","follow":"follow","max-snippet":"max-snippet:-1","max-image-preview":"max-image-preview:large","max-video-preview":"max-video-preview:-1"},"canonical":"https:\/\/dermamode.com\/en\/product\/pure-c-vitamin-c\/","og_locale":"en_US","og_type":"article","og_title":"\"Pure C\" Vitamin C - Dermamode","og_description":"Vitamine C topique 100% pure (acide l-ascorbique) \u2013 un antioxydant hautement stable et absorbable \u00e0 la texture poudreuse qui se dissout instantan\u00e9ment dans les produits compatibles. Efficace pour augmenter la production de collag\u00e8ne. En plus de r\u00e9parer la peau, peut contribuer \u00e0 prot\u00e9ger les futurs dommages tout en am\u00e9liorant l\u2019apparence des ridules et en affinant la texture de la peau et le teint.","og_url":"https:\/\/dermamode.com\/en\/product\/pure-c-vitamin-c\/","og_site_name":"Dermamode","article_modified_time":"2024-12-13T13:05:18+00:00","og_image":[{"width":510,"height":600,"url":"https:\/\/dermamode.com\/wp-content\/uploads\/2021\/04\/EcommercePureCbiophora.jpg","type":"image\/jpeg"}],"twitter_card":"summary_large_image","schema":{"@context":"https:\/\/schema.org","@graph":[{"@type":"WebPage","@id":"https:\/\/dermamode.com\/en\/product\/pure-c-vitamin-c\/","url":"https:\/\/dermamode.com\/en\/product\/pure-c-vitamin-c\/","name":"\"Pure C\" Vitamin C - Dermamode","isPartOf":{"@id":"https:\/\/dermamode.com\/en\/#website"},"primaryImageOfPage":{"@id":"https:\/\/dermamode.com\/en\/product\/pure-c-vitamin-c\/#primaryimage"},"image":{"@id":"https:\/\/dermamode.com\/en\/product\/pure-c-vitamin-c\/#primaryimage"},"thumbnailUrl":"https:\/\/dermamode.com\/wp-content\/uploads\/2021\/04\/EcommercePureCbiophora.jpg","datePublished":"2021-04-04T10:12:55+00:00","dateModified":"2024-12-13T13:05:18+00:00","breadcrumb":{"@id":"https:\/\/dermamode.com\/en\/product\/pure-c-vitamin-c\/#breadcrumb"},"inLanguage":"en-US","potentialAction":[{"@type":"ReadAction","target":["https:\/\/dermamode.com\/en\/product\/pure-c-vitamin-c\/"]}]},{"@type":"ImageObject","inLanguage":"en-US","@id":"https:\/\/dermamode.com\/en\/product\/pure-c-vitamin-c\/#primaryimage","url":"https:\/\/dermamode.com\/wp-content\/uploads\/2021\/04\/EcommercePureCbiophora.jpg","contentUrl":"https:\/\/dermamode.com\/wp-content\/uploads\/2021\/04\/EcommercePureCbiophora.jpg","width":510,"height":600},{"@type":"BreadcrumbList","@id":"https:\/\/dermamode.com\/en\/product\/pure-c-vitamin-c\/#breadcrumb","itemListElement":[{"@type":"ListItem","position":1,"name":"Home","item":"https:\/\/dermamode.com\/"},{"@type":"ListItem","position":2,"name":"Produits","item":"https:\/\/dermamode.com\/boutique\/"},{"@type":"ListItem","position":3,"name":"&#8220;Pure C&#8221; Vitamin C"}]},{"@type":"WebSite","@id":"https:\/\/dermamode.com\/en\/#website","url":"https:\/\/dermamode.com\/en\/","name":"Dermamode","description":"","publisher":{"@id":"https:\/\/dermamode.com\/en\/#organization"},"potentialAction":[{"@type":"SearchAction","target":{"@type":"EntryPoint","urlTemplate":"https:\/\/dermamode.com\/en\/?s={search_term_string}"},"query-input":{"@type":"PropertyValueSpecification","valueRequired":true,"valueName":"search_term_string"}}],"inLanguage":"en-US"},{"@type":"Organization","@id":"https:\/\/dermamode.com\/en\/#organization","name":"Dermamode","url":"https:\/\/dermamode.com\/en\/","logo":{"@type":"ImageObject","inLanguage":"en-US","@id":"https:\/\/dermamode.com\/en\/#\/schema\/logo\/image\/","url":"https:\/\/dermamode.com\/wp-content\/uploads\/2026\/03\/LOGO_gray_FREN_rgb_296x63_72dpi_OUTLINED-v4-copy-01-copy.webp","contentUrl":"https:\/\/dermamode.com\/wp-content\/uploads\/2026\/03\/LOGO_gray_FREN_rgb_296x63_72dpi_OUTLINED-v4-copy-01-copy.webp","width":1233,"height":223,"caption":"Dermamode"},"image":{"@id":"https:\/\/dermamode.com\/en\/#\/schema\/logo\/image\/"}}]}},"_links":{"self":[{"href":"https:\/\/dermamode.com\/en\/wp-json\/wp\/v2\/product\/5347","targetHints":{"allow":["GET"]}}],"collection":[{"href":"https:\/\/dermamode.com\/en\/wp-json\/wp\/v2\/product"}],"about":[{"href":"https:\/\/dermamode.com\/en\/wp-json\/wp\/v2\/types\/product"}],"replies":[{"embeddable":true,"href":"https:\/\/dermamode.com\/en\/wp-json\/wp\/v2\/comments?post=5347"}],"wp:featuredmedia":[{"embeddable":true,"href":"https:\/\/dermamode.com\/en\/wp-json\/wp\/v2\/media\/8847"}],"wp:attachment":[{"href":"https:\/\/dermamode.com\/en\/wp-json\/wp\/v2\/media?parent=5347"}],"wp:term":[{"taxonomy":"product_brand","embeddable":true,"href":"https:\/\/dermamode.com\/en\/wp-json\/wp\/v2\/product_brand?post=5347"},{"taxonomy":"product_cat","embeddable":true,"href":"https:\/\/dermamode.com\/en\/wp-json\/wp\/v2\/product_cat?post=5347"},{"taxonomy":"product_tag","embeddable":true,"href":"https:\/\/dermamode.com\/en\/wp-json\/wp\/v2\/product_tag?post=5347"}],"curies":[{"name":"wp","href":"https:\/\/api.w.org\/{rel}","templated":true}]}}